{"id":690,"date":"2021-12-27T16:15:40","date_gmt":"2021-12-27T13:15:40","guid":{"rendered":"https:\/\/www.omukambalaj.com\/?page_id=690"},"modified":"2022-02-18T20:43:03","modified_gmt":"2022-02-18T17:43:03","slug":"about-us","status":"publish","type":"page","link":"https:\/\/www.omukambalaj.com\/en\/about-us\/","title":{"rendered":"About Us"},"content":{"rendered":"<p><div class=\"fusion-fullwidth fullwidth-box fusion-builder-row-1 fusion-flex-container gradient-container-1 nonhundred-percent-fullwidth non-hundred-percent-height-scrolling\" style=\"--awb-border-radius-top-left:0px;--awb-border-radius-top-right:0px;--awb-border-radius-bottom-right:0px;--awb-border-radius-bottom-left:0px;--awb-padding-top:11vh;--awb-padding-bottom:36px;--awb-padding-top-medium:5vh;--awb-padding-bottom-medium:5vh;--awb-padding-top-small:54px;--awb-margin-bottom:0px;--awb-margin-bottom-small:0px;--awb-background-image:linear-gradient(180deg, #f7f9fc 0%,#f7f9fc 100%);\" ><div class=\"fusion-builder-row fusion-row fusion-flex-align-items-stretch\" style=\"max-width:1248px;margin-left: calc(-4% \/ 2 );margin-right: calc(-4% \/ 2 );\"><div class=\"fusion-layout-column fusion_builder_column fusion-builder-column-0 fusion-flex-column fusion-flex-align-self-center fusion-animated\" style=\"--awb-padding-top:27px;--awb-padding-bottom:120px;--awb-padding-top-medium:60px;--awb-padding-bottom-medium:0px;--awb-padding-top-small:0px;--awb-padding-bottom-small:0px;--awb-bg-size:cover;--awb-width-large:40%;--awb-margin-top-large:0px;--awb-spacing-right-large:0px;--awb-margin-bottom-large:0px;--awb-spacing-left-large:0%;--awb-width-medium:40%;--awb-order-medium:0;--awb-spacing-right-medium:0px;--awb-spacing-left-medium:0%;--awb-width-small:100%;--awb-order-small:1;--awb-spacing-right-small:1.92%;--awb-margin-bottom-small:0px;--awb-spacing-left-small:1.92%;\" data-animationType=\"fadeInLeft\" data-animationDuration=\"1.0\" data-animationOffset=\"top-into-view\"><div class=\"fusion-column-wrapper fusion-column-has-shadow fusion-flex-justify-content-flex-start fusion-content-layout-row\"><div class=\"fusion-title title fusion-title-1 fusion-sep-none fusion-title-text fusion-title-size-two\" style=\"--awb-margin-bottom:55px;--awb-margin-bottom-small:40px;--awb-font-size:43px;\"><h2 class=\"title-heading-left\" style=\"margin:0;font-size:1em;line-height:1.35em;\">About us<\/h2><\/div><div class=\"fusion-text fusion-text-1 fusion-no-small-visibility fusion-no-medium-visibility\" style=\"--awb-content-alignment:justify;\"><p>Omuk Packaging, which was established in 1984, has been among the experienced companies of the industry with its stable work by improving itself since the day it was founded.<\/p>\n<p>The firm manufactures boxes and additional requirements from corrugated cardboard sheets in different sizes and technical specifications for all sectors with new system machines in its factory in Kemalpa\u015fa OIZ region, on an area of 3000 m2 closed, totaling 4200 m2. <\/p>\n<p>With the ISO 9001 quality certificate that was received in 2008, Omuk Packaging can process flute types of corrugated cardboard A, B, C, E (Single Wall), B+C \/ E+B \/ E+E (Double Wall), ACB (Triplex).<\/p>\n<p>With its experienced and young team, it fulfills the packaging needs of its customers by prioritizing on-time delivery and quality stability. It has continued its long-standing customer solution partnership until today and has been a company of long-term works. <\/p>\n<\/div><div class=\"fusion-text fusion-text-2 fusion-no-large-visibility\"><p style=\"text-align: justify;\">Omuk Ambalaj Sanayi ve Ticaret Ltd.\u015eti. 1984 y\u0131l\u0131nda \u0130zmir\u2019in \u00c7amdibi semtinde kuruldu. Firmam\u0131z, \u0130zmir\u2019in oluklu mukavva safihadan ambalaj \u00fcretimi yapan ilk firmalar\u0131ndand\u0131r.<\/p>\n<p style=\"text-align: justify;\">2016 y\u0131l\u0131nda yer de\u011fi\u015fikli\u011fi yaparak \u015fu anda faaliyetini s\u00fcrd\u00fcrmekte oldu\u011fu Kemalpa\u015fa\u2019ya ta\u015f\u0131nm\u0131\u015ft\u0131r.<\/p>\n<p style=\"text-align: justify;\">Kurulu\u015fundan bu yana geli\u015ftirdi\u011fi makine park\u0131yla, g\u00fcncel ihtiya\u00e7lara cevap verebilecek her kalite ve cinste flekso, ofset; bask\u0131l\u0131, bask\u0131s\u0131z bi\u00e7imde t\u00fcm sekt\u00f6rlere oluklu mukavva kutular \u00fcretmektedir.<\/p>\n<\/div><div class=\"fusion-separator fusion-full-width-sep\" style=\"align-self: center;margin-left: auto;margin-right: auto;margin-bottom:20px;width:100%;\"><\/div><\/div><\/div><div class=\"fusion-layout-column fusion_builder_column fusion-builder-column-1 fusion-flex-column fusion-no-small-visibility\" style=\"--awb-bg-size:cover;--awb-width-large:10%;--awb-margin-top-large:110px;--awb-spacing-right-large:-100px;--awb-margin-bottom-large:20px;--awb-spacing-left-large:50px;--awb-width-medium:10%;--awb-order-medium:0;--awb-spacing-right-medium:-100px;--awb-spacing-left-medium:50px;--awb-width-small:100%;--awb-order-small:2;--awb-spacing-right-small:1.92%;--awb-spacing-left-small:1.92%;\"><div class=\"fusion-column-wrapper fusion-column-has-shadow fusion-flex-justify-content-flex-start fusion-content-layout-column\"><\/div><\/div><div class=\"fusion-layout-column fusion_builder_column fusion-builder-column-2 fusion-flex-column fusion-no-small-visibility fusion-animated\" style=\"--awb-padding-right:15px;--awb-padding-left:16px;--awb-overflow:hidden;--awb-bg-image:linear-gradient(180deg, rgba(0,0,0,0.5) 0%,rgba(0,0,0,0.5) 100%);;--awb-bg-position:center center;--awb-bg-size:cover;--awb-box-shadow:0px 20px 80px 0px rgba(0,0,0,0.18);;--awb-border-radius:6px 6px 6px 80px;--awb-width-large:50%;--awb-margin-top-large:0px;--awb-spacing-right-large:3.84%;--awb-margin-bottom-large:0px;--awb-spacing-left-large:-20px;--awb-width-medium:50%;--awb-order-medium:0;--awb-spacing-right-medium:3.84%;--awb-spacing-left-medium:-20px;--awb-width-small:100%;--awb-order-small:0;--awb-spacing-right-small:1.92%;--awb-spacing-left-small:1.92%;\" data-animationType=\"fadeInRight\" data-animationDuration=\"1.0\" data-animationOffset=\"top-into-view\"><div class=\"fusion-column-wrapper lazyload fusion-column-has-shadow fusion-flex-justify-content-center fusion-content-layout-column\" data-bg-url=\"https:\/\/www.omukambalaj.com\/wp-content\/uploads\/omuk-ambalaj-hakkimizda.jpg\" data-bg=\"https:\/\/www.omukambalaj.com\/wp-content\/uploads\/omuk-ambalaj-hakkimizda.jpg\" data-bg-gradient=\"linear-gradient(180deg, rgba(0,0,0,0.5) 0%,rgba(0,0,0,0.5) 100%)\"><div class=\"fusion-text fusion-text-3\" style=\"--awb-content-alignment:center;--awb-font-size:32px;--awb-text-transform:uppercase;--awb-text-color:#ffffff;\"><p><strong>We manufacture packaging for all sectors that can meet current needs.<\/strong><\/p>\n<\/div><\/div><\/div><\/div><\/div><div class=\"fusion-fullwidth fullwidth-box fusion-builder-row-2 fusion-flex-container gradient-container-2 nonhundred-percent-fullwidth non-hundred-percent-height-scrolling\" style=\"--awb-border-radius-top-left:0px;--awb-border-radius-top-right:0px;--awb-border-radius-bottom-right:0px;--awb-border-radius-bottom-left:0px;--awb-padding-top:40px;--awb-padding-bottom:50px;--awb-padding-top-medium:35px;--awb-padding-bottom-medium:60px;--awb-padding-top-small:0px;--awb-padding-bottom-small:60px;\" ><div class=\"fusion-builder-row fusion-row fusion-flex-align-items-stretch fusion-flex-justify-content-center\" style=\"max-width:1248px;margin-left: calc(-4% \/ 2 );margin-right: calc(-4% \/ 2 );\"><div class=\"fusion-layout-column fusion_builder_column fusion-builder-column-3 fusion_builder_column_1_5 1_5 fusion-flex-column fusion-no-small-visibility fusion-no-medium-visibility\" style=\"--awb-bg-size:cover;--awb-width-large:20%;--awb-margin-top-large:0px;--awb-spacing-right-large:9.6%;--awb-margin-bottom-large:20px;--awb-spacing-left-large:9.6%;--awb-width-medium:20%;--awb-order-medium:0;--awb-spacing-right-medium:9.6%;--awb-spacing-left-medium:9.6%;--awb-width-small:100%;--awb-order-small:0;--awb-spacing-right-small:1.92%;--awb-spacing-left-small:1.92%;\"><div class=\"fusion-column-wrapper fusion-column-has-shadow fusion-flex-justify-content-flex-start fusion-content-layout-column\"><\/div><\/div><div class=\"fusion-layout-column fusion_builder_column fusion-builder-column-4 fusion_builder_column_3_5 3_5 fusion-flex-column fusion-animated\" style=\"--awb-bg-size:cover;--awb-width-large:60%;--awb-margin-top-large:0px;--awb-spacing-right-large:3.2%;--awb-margin-bottom-large:0px;--awb-spacing-left-large:3.2%;--awb-width-medium:60%;--awb-order-medium:0;--awb-spacing-right-medium:3.2%;--awb-spacing-left-medium:3.2%;--awb-width-small:100%;--awb-order-small:0;--awb-spacing-right-small:1.92%;--awb-spacing-left-small:1.92%;\" data-animationType=\"fadeInDown\" data-animationDuration=\"1.0\" data-animationOffset=\"top-into-view\"><div class=\"fusion-column-wrapper fusion-column-has-shadow fusion-flex-justify-content-center fusion-content-layout-column\"><div class=\"fusion-title title fusion-title-2 fusion-sep-none fusion-title-center fusion-title-text fusion-title-size-two\" style=\"--awb-margin-bottom:25px;--awb-font-size:40px;\"><h2 class=\"title-heading-center\" style=\"margin:0;font-size:1em;\">Vision &amp; Mission<\/h2><\/div><\/div><\/div><div class=\"fusion-layout-column fusion_builder_column fusion-builder-column-5 fusion_builder_column_1_5 1_5 fusion-flex-column fusion-no-small-visibility fusion-no-medium-visibility\" style=\"--awb-bg-size:cover;--awb-width-large:20%;--awb-margin-top-large:0px;--awb-spacing-right-large:9.6%;--awb-margin-bottom-large:20px;--awb-spacing-left-large:9.6%;--awb-width-medium:20%;--awb-order-medium:0;--awb-spacing-right-medium:9.6%;--awb-spacing-left-medium:9.6%;--awb-width-small:100%;--awb-order-small:0;--awb-spacing-right-small:1.92%;--awb-spacing-left-small:1.92%;\"><div class=\"fusion-column-wrapper fusion-column-has-shadow fusion-flex-justify-content-flex-start fusion-content-layout-column\"><\/div><\/div><div class=\"fusion-layout-column fusion_builder_column fusion-builder-column-6 fusion_builder_column_1_2 1_2 fusion-flex-column fusion-animated\" style=\"--awb-padding-top:50px;--awb-padding-right:4px;--awb-padding-bottom:50px;--awb-padding-left:19px;--awb-padding-right-medium:30px;--awb-padding-bottom-medium:30px;--awb-padding-left-medium:30px;--awb-overflow:hidden;--awb-bg-color:#f7f9fc;--awb-bg-color-hover:#f7f9fc;--awb-bg-size:cover;--awb-border-radius:10px 10px 10px 10px;--awb-width-large:50%;--awb-margin-top-large:0px;--awb-spacing-right-large:3.84%;--awb-margin-bottom-large:20px;--awb-spacing-left-large:3.84%;--awb-width-medium:33.333333333333%;--awb-order-medium:0;--awb-spacing-right-medium:5.76%;--awb-spacing-left-medium:5.76%;--awb-width-small:100%;--awb-order-small:0;--awb-spacing-right-small:1.92%;--awb-margin-bottom-small:60px;--awb-spacing-left-small:1.92%;\" data-animationType=\"fadeInDown\" data-animationDuration=\"1.0\" data-animationOffset=\"top-into-view\"><div class=\"fusion-column-wrapper fusion-column-has-shadow fusion-flex-justify-content-flex-start fusion-content-layout-column\"><div class=\"fusion-text fusion-text-4\" style=\"--awb-content-alignment:center;--awb-font-size:17px;\"><p style=\"text-align: center;\">The company, with 38 years of history, that manufactured packaging for all sectors, with its experienced team, with uncompromising quality understanding, on-time delivery policy, and adopted long-term work; which is respectful to the rights of its employees, modern and reliable; is your long-term solution partner about packaging.<\/p>\n<\/div><\/div><\/div><\/div><\/div><\/p>\n","protected":false},"excerpt":{"rendered":"","protected":false},"author":4,"featured_media":0,"parent":0,"menu_order":20,"comment_status":"closed","ping_status":"closed","template":"100-width.php","meta":{"footnotes":""},"class_list":["post-690","page","type-page","status-publish","hentry"],"_links":{"self":[{"href":"https:\/\/www.omukambalaj.com\/en\/wp-json\/wp\/v2\/pages\/690","targetHints":{"allow":["GET"]}}],"collection":[{"href":"https:\/\/www.omukambalaj.com\/en\/wp-json\/wp\/v2\/pages"}],"about":[{"href":"https:\/\/www.omukambalaj.com\/en\/wp-json\/wp\/v2\/types\/page"}],"author":[{"embeddable":true,"href":"https:\/\/www.omukambalaj.com\/en\/wp-json\/wp\/v2\/users\/4"}],"replies":[{"embeddable":true,"href":"https:\/\/www.omukambalaj.com\/en\/wp-json\/wp\/v2\/comments?post=690"}],"version-history":[{"count":9,"href":"https:\/\/www.omukambalaj.com\/en\/wp-json\/wp\/v2\/pages\/690\/revisions"}],"predecessor-version":[{"id":1223,"href":"https:\/\/www.omukambalaj.com\/en\/wp-json\/wp\/v2\/pages\/690\/revisions\/1223"}],"wp:attachment":[{"href":"https:\/\/www.omukambalaj.com\/en\/wp-json\/wp\/v2\/media?parent=690"}],"curies":[{"name":"wp","href":"https:\/\/api.w.org\/{rel}","templated":true}]}}