{"id":694,"date":"2021-12-27T16:17:01","date_gmt":"2021-12-27T13:17:01","guid":{"rendered":"https:\/\/www.omukambalaj.com\/?page_id=694"},"modified":"2023-05-22T15:19:45","modified_gmt":"2023-05-22T12:19:45","slug":"home","status":"publish","type":"page","link":"https:\/\/www.omukambalaj.com\/en\/","title":{"rendered":"Home"},"content":{"rendered":"<p><div class=\"fusion-fullwidth fullwidth-box fusion-builder-row-1 fusion-flex-container gradient-container-1 nonhundred-percent-fullwidth non-hundred-percent-height-scrolling\" style=\"--awb-border-radius-top-left:0px;--awb-border-radius-top-right:0px;--awb-border-radius-bottom-right:0px;--awb-border-radius-bottom-left:0px;--awb-padding-top:30px;--awb-padding-right:30px;--awb-padding-bottom:45px;--awb-padding-left:30px;--awb-margin-top:0px;--awb-margin-bottom:0px;--awb-min-height:50vh;\" ><div class=\"fusion-builder-row fusion-row fusion-flex-align-items-flex-start\" style=\"max-width:1248px;margin-left: calc(-4% \/ 2 );margin-right: calc(-4% \/ 2 );\"><div class=\"fusion-layout-column fusion_builder_column fusion-builder-column-0 fusion_builder_column_1_2 1_2 fusion-flex-column fusion-flex-align-self-center fusion-column-inner-bg-wrapper fusion-animated\" style=\"--awb-padding-top:30px;--awb-padding-right:62px;--awb-padding-bottom:30px;--awb-padding-left:30px;--awb-inner-bg-size:cover;--awb-width-large:50%;--awb-margin-top-large:0px;--awb-spacing-right-large:3.84%;--awb-margin-bottom-large:0px;--awb-spacing-left-large:3.84%;--awb-width-medium:50%;--awb-order-medium:0;--awb-spacing-right-medium:3.84%;--awb-spacing-left-medium:3.84%;--awb-width-small:100%;--awb-order-small:0;--awb-spacing-right-small:1.92%;--awb-spacing-left-small:1.92%;\" data-animationType=\"fadeInLeft\" data-animationDuration=\"1.0\" data-animationOffset=\"top-into-view\"><span class=\"fusion-column-inner-bg hover-type-none\"><a class=\"fusion-column-anchor\" href=\"https:\/\/www.omukambalaj.com\/hakkimizda\/\"><span class=\"fusion-column-inner-bg-image\"><\/span><\/a><\/span><div class=\"fusion-column-wrapper fusion-column-has-shadow fusion-flex-justify-content-center fusion-content-layout-column\"><div class=\"fusion-title title fusion-title-1 fusion-sep-none fusion-title-text fusion-title-size-two\"><h2 class=\"title-heading-left\" style=\"margin:0;\"><strong>About us<\/strong><\/h2><\/div><div class=\"fusion-separator\" style=\"align-self: flex-start;margin-right:auto;margin-bottom:10px;width:100%;max-width:100px;\"><div class=\"fusion-separator-border sep-single sep-solid\" style=\"--awb-height:20px;--awb-amount:20px;--awb-sep-color:#03a9f4;border-color:#03a9f4;border-top-width:2px;\"><\/div><\/div><div class=\"fusion-text fusion-text-1\" style=\"--awb-content-alignment:justify;\"><p>Omuk Packaging, which was established in 1984, has been among the experienced companies of the industry with its stable work by improving itself since the day it was founded.<\/p>\n<p>The firm manufactures boxes and additional requirements from corrugated cardboard sheets in different sizes and technical specifications for all sectors with new system machines in its factory in Kemalpa\u015fa OIZ region, on an area of 3000 m2 closed, totaling 4200 m2. <\/p>\n<p>With the ISO 9001 quality certificate that was received in 2008, Omuk Packaging can process flute types of corrugated cardboard A, B, C, E (Single Wall), B+C \/ E+B \/ E+E (Double Wall), ACB (Triplex).<\/p>\n<p>With its experienced and young team, it fulfills the packaging needs of its customers by prioritizing on-time delivery and quality stability. It has continued its long-standing customer solution partnership until today and has been a company of long-term works. <\/p>\n<\/div><\/div><\/div><div class=\"fusion-layout-column fusion_builder_column fusion-builder-column-1 fusion-flex-column fusion-no-small-visibility fusion-animated\" style=\"--awb-overflow:hidden;--awb-bg-position:center center;--awb-bg-size:cover;--awb-box-shadow:0px 20px 80px 0px rgba(0,0,0,0.18);;--awb-border-radius:6px 6px 6px 80px;--awb-width-large:50%;--awb-margin-top-large:0px;--awb-spacing-right-large:3.84%;--awb-margin-bottom-large:0px;--awb-spacing-left-large:-20px;--awb-width-medium:50%;--awb-order-medium:0;--awb-spacing-right-medium:3.84%;--awb-spacing-left-medium:-20px;--awb-width-small:100%;--awb-order-small:0;--awb-spacing-right-small:1.92%;--awb-spacing-left-small:1.92%;\" data-animationType=\"fadeInRight\" data-animationDuration=\"1.0\" data-animationOffset=\"top-into-view\"><div class=\"fusion-column-wrapper lazyload fusion-column-has-shadow fusion-flex-justify-content-flex-end fusion-content-layout-column fusion-empty-column-bg-image\" data-bg-url=\"https:\/\/www.omukambalaj.com\/wp-content\/uploads\/DJI_0015.jpg\" data-bg=\"https:\/\/www.omukambalaj.com\/wp-content\/uploads\/DJI_0015.jpg\"><img decoding=\"async\" class=\"fusion-empty-dims-img-placeholder\" src=\"data:image\/svg+xml,%3Csvg%20xmlns%3D%27http%3A%2F%2Fwww.w3.org%2F2000%2Fsvg%27%20width%3D%271432%27%20height%3D%271463%27%20viewBox%3D%270%200%201432%201463%27%3E%3Crect%20width%3D%271432%27%20height%3D%271463%27%20fill-opacity%3D%220%22%2F%3E%3C%2Fsvg%3E\"><\/div><\/div><\/div><\/div><div class=\"fusion-fullwidth fullwidth-box fusion-builder-row-2 fusion-flex-container gradient-container-2 hundred-percent-fullwidth non-hundred-percent-height-scrolling\" style=\"--awb-border-radius-top-left:0px;--awb-border-radius-top-right:0px;--awb-border-radius-bottom-right:0px;--awb-border-radius-bottom-left:0px;--awb-padding-right:0px;--awb-padding-left:0px;--awb-background-color:#000d51;\" ><div class=\"fusion-builder-row fusion-row fusion-flex-align-items-stretch\" style=\"width:calc( 100% + 0px ) !important;max-width:calc( 100% + 0px ) !important;margin-left: calc(-0px \/ 2 );margin-right: calc(-0px \/ 2 );\"><div class=\"fusion-layout-column fusion_builder_column fusion-builder-column-2 fusion_builder_column_1_3 1_3 fusion-flex-column fusion-column-inner-bg-wrapper fusion-animated\" style=\"--awb-padding-top:20vw;--awb-padding-right:5vw;--awb-padding-bottom:4vw;--awb-padding-left:5vw;--awb-inner-bg-image:linear-gradient(180deg, rgba(0,5,14,0) 0%,#00050e 100%);;--awb-inner-bg-position:center center;--awb-inner-bg-size:cover;--awb-width-large:33.333333333333%;--awb-margin-top-large:0px;--awb-spacing-right-large:0;--awb-margin-bottom-large:0px;--awb-spacing-left-large:0;--awb-width-medium:33.333333333333%;--awb-order-medium:0;--awb-spacing-right-medium:0;--awb-spacing-left-medium:0;--awb-width-small:100%;--awb-order-small:0;--awb-spacing-right-small:0;--awb-spacing-left-small:0;\" data-animationType=\"fadeInLeft\" data-animationDuration=\"1.0\" data-animationOffset=\"top-into-view\"><span class=\"fusion-column-inner-bg hover-type-zoomin\"><span class=\"fusion-column-anchor\"><span class=\"fusion-column-inner-bg-image lazyload\" data-bg=\"https:\/\/www.omukambalaj.com\/wp-content\/uploads\/omuk-ambalaj-3-1.jpg\" data-bg-gradient=\"linear-gradient(180deg, rgba(0,5,14,0) 0%,#00050e 100%)\"><\/span><\/span><\/span><div class=\"fusion-column-wrapper fusion-column-has-shadow fusion-flex-justify-content-flex-start fusion-content-layout-column\" data-bg-url=\"https:\/\/www.omukambalaj.com\/wp-content\/uploads\/omuk-ambalaj-3-1.jpg\"><div class=\"fusion-title title fusion-title-2 fusion-sep-none fusion-title-text fusion-title-size-two\" style=\"--awb-text-color:#ffffff;--awb-font-size:75px;\"><h2 class=\"title-heading-left\" style=\"font-family:&quot;Epilogue&quot;;font-style:normal;font-weight:700;margin:0;font-size:1em;\">01<\/h2><\/div><div class=\"fusion-separator fusion-full-width-sep\" style=\"align-self: center;margin-left: auto;margin-right: auto;margin-top:10px;margin-bottom:30px;width:100%;\"><div class=\"fusion-separator-border sep-single sep-solid\" style=\"--awb-height:20px;--awb-amount:20px;--awb-sep-color:rgba(255,255,255,0.15);border-color:rgba(255,255,255,0.15);border-top-width:2px;\"><\/div><\/div><div class=\"fusion-text fusion-text-2\" style=\"--awb-font-size:27px;--awb-line-height:1.5em;--awb-text-color:#ffffff;\"><p>Raw Material Selection<\/p>\n<\/div><div class=\"fusion-text fusion-text-3\" style=\"--awb-text-color:rgba(255,255,255,0.7);\"><p>The supply of papers required by the market and their purposeful use affect the success of the manufactured boxes.<\/p>\n<\/div><\/div><\/div><div class=\"fusion-layout-column fusion_builder_column fusion-builder-column-3 fusion_builder_column_1_3 1_3 fusion-flex-column fusion-column-inner-bg-wrapper fusion-animated\" style=\"--awb-padding-top:20vw;--awb-padding-right:5vw;--awb-padding-bottom:4vw;--awb-padding-left:5vw;--awb-inner-bg-image:linear-gradient(180deg, rgba(0,5,14,0) 0%,#00050e 100%);;--awb-inner-bg-position:center center;--awb-inner-bg-size:cover;--awb-width-large:33.333333333333%;--awb-margin-top-large:0px;--awb-spacing-right-large:0;--awb-margin-bottom-large:0px;--awb-spacing-left-large:0;--awb-width-medium:33.333333333333%;--awb-order-medium:0;--awb-spacing-right-medium:0;--awb-spacing-left-medium:0;--awb-width-small:100%;--awb-order-small:0;--awb-spacing-right-small:0;--awb-spacing-left-small:0;\" data-animationType=\"fadeInUp\" data-animationDuration=\"1.0\" data-animationOffset=\"top-into-view\"><span class=\"fusion-column-inner-bg hover-type-zoomin\"><span class=\"fusion-column-anchor\"><span class=\"fusion-column-inner-bg-image lazyload\" data-bg=\"https:\/\/www.omukambalaj.com\/wp-content\/uploads\/44A9726.jpg\" data-bg-gradient=\"linear-gradient(180deg, rgba(0,5,14,0) 0%,#00050e 100%)\"><\/span><\/span><\/span><div class=\"fusion-column-wrapper fusion-column-has-shadow fusion-flex-justify-content-flex-start fusion-content-layout-column\" data-bg-url=\"https:\/\/www.omukambalaj.com\/wp-content\/uploads\/44A9726.jpg\"><div class=\"fusion-title title fusion-title-3 fusion-sep-none fusion-title-text fusion-title-size-two\" style=\"--awb-text-color:#ffffff;--awb-font-size:75px;\"><h2 class=\"title-heading-left\" style=\"font-family:&quot;Epilogue&quot;;font-style:normal;font-weight:700;margin:0;font-size:1em;\">02<\/h2><\/div><div class=\"fusion-separator fusion-full-width-sep\" style=\"align-self: center;margin-left: auto;margin-right: auto;margin-top:10px;margin-bottom:30px;width:100%;\"><div class=\"fusion-separator-border sep-single sep-solid\" style=\"--awb-height:20px;--awb-amount:20px;--awb-sep-color:rgba(255,255,255,0.15);border-color:rgba(255,255,255,0.15);border-top-width:2px;\"><\/div><\/div><div class=\"fusion-text fusion-text-4\" style=\"--awb-font-size:27px;--awb-line-height:1.5em;--awb-text-color:#ffffff;\"><p>Manufacturing Stage<\/p>\n<\/div><div class=\"fusion-text fusion-text-5\" style=\"--awb-text-color:rgba(255,255,255,0.7);\"><p>Starts with transferring to the machines of the corrugated cardboard sheets suitable for the box to be manufactured that taken from the warehouse.<\/p>\n<\/div><\/div><\/div><div class=\"fusion-layout-column fusion_builder_column fusion-builder-column-4 fusion_builder_column_1_3 1_3 fusion-flex-column fusion-column-inner-bg-wrapper fusion-animated\" style=\"--awb-padding-top:20vw;--awb-padding-right:5vw;--awb-padding-bottom:4vw;--awb-padding-left:5vw;--awb-inner-bg-image:linear-gradient(180deg, rgba(0,5,14,0) 0%,#00050e 100%);;--awb-inner-bg-position:center center;--awb-inner-bg-size:cover;--awb-width-large:33.333333333333%;--awb-margin-top-large:0px;--awb-spacing-right-large:0;--awb-margin-bottom-large:0px;--awb-spacing-left-large:0;--awb-width-medium:33.333333333333%;--awb-order-medium:0;--awb-spacing-right-medium:0;--awb-spacing-left-medium:0;--awb-width-small:100%;--awb-order-small:0;--awb-spacing-right-small:0;--awb-spacing-left-small:0;\" data-animationType=\"fadeInRight\" data-animationDuration=\"1.0\" data-animationOffset=\"top-into-view\"><span class=\"fusion-column-inner-bg hover-type-zoomin\"><span class=\"fusion-column-anchor\"><span class=\"fusion-column-inner-bg-image lazyload\" data-bg=\"https:\/\/www.omukambalaj.com\/wp-content\/uploads\/uretim-sonuc.jpg\" data-bg-gradient=\"linear-gradient(180deg, rgba(0,5,14,0) 0%,#00050e 100%)\"><\/span><\/span><\/span><div class=\"fusion-column-wrapper fusion-column-has-shadow fusion-flex-justify-content-flex-start fusion-content-layout-column\" data-bg-url=\"https:\/\/www.omukambalaj.com\/wp-content\/uploads\/uretim-sonuc.jpg\"><div class=\"fusion-title title fusion-title-4 fusion-sep-none fusion-title-text fusion-title-size-two\" style=\"--awb-text-color:#ffffff;--awb-font-size:75px;\"><h2 class=\"title-heading-left\" style=\"font-family:&quot;Epilogue&quot;;font-style:normal;font-weight:700;margin:0;font-size:1em;\">03<\/h2><\/div><div class=\"fusion-separator fusion-full-width-sep\" style=\"align-self: center;margin-left: auto;margin-right: auto;margin-top:10px;margin-bottom:30px;width:100%;\"><div class=\"fusion-separator-border sep-single sep-solid\" style=\"--awb-height:20px;--awb-amount:20px;--awb-sep-color:rgba(255,255,255,0.15);border-color:rgba(255,255,255,0.15);border-top-width:2px;\"><\/div><\/div><div class=\"fusion-text fusion-text-6\" style=\"--awb-font-size:27px;--awb-line-height:1.5em;--awb-text-color:#ffffff;\"><p>Result<\/p>\n<\/div><div class=\"fusion-text fusion-text-7\" style=\"--awb-text-color:rgba(255,255,255,0.7);\"><p>Carefully manufactured ready-to-use corrugated boxes are made suitable for storage and shipment.<\/p>\n<\/div><\/div><\/div><\/div><\/div><div class=\"fusion-fullwidth fullwidth-box fusion-builder-row-3 fusion-flex-container gradient-container-3 nonhundred-percent-fullwidth non-hundred-percent-height-scrolling fusion-animated\" style=\"--awb-border-radius-top-left:0px;--awb-border-radius-top-right:0px;--awb-border-radius-bottom-right:0px;--awb-border-radius-bottom-left:0px;--awb-padding-top:20px;--awb-padding-right:0px;--awb-padding-bottom:20px;--awb-padding-left:0px;--awb-padding-top-small:10px;--awb-padding-bottom-small:10px;--awb-min-height:200px;--awb-background-color:#000000;\" data-animationType=\"fadeInDown\" data-animationDuration=\"1.0\" data-animationOffset=\"top-into-view\" ><div class=\"fusion-builder-row fusion-row fusion-flex-align-items-center fusion-flex-align-content-center fusion-flex-justify-content-center\" style=\"max-width:calc( 1200px + 0px );margin-left: calc(-0px \/ 2 );margin-right: calc(-0px \/ 2 );\"><div class=\"fusion-layout-column fusion_builder_column fusion-builder-column-5 fusion-flex-column fusion-flex-align-self-center\" style=\"--awb-padding-top:0px;--awb-padding-bottom:0px;--awb-bg-size:cover;--awb-width-large:auto;--awb-margin-top-large:0px;--awb-spacing-right-large:0px;--awb-margin-bottom-large:0px;--awb-spacing-left-large:0px;--awb-width-medium:auto;--awb-order-medium:0;--awb-spacing-right-medium:0px;--awb-spacing-left-medium:0px;--awb-width-small:100%;--awb-order-small:0;--awb-spacing-right-small:0px;--awb-spacing-left-small:0px;\"><div class=\"fusion-column-wrapper fusion-column-has-shadow fusion-flex-justify-content-center fusion-content-layout-row fusion-flex-align-items-center\"><div class=\"fusion-text fusion-text-8\" style=\"--awb-content-alignment:center;--awb-font-size:24px;--awb-text-color:#ffffff;\"><p>We manufacture packaging for all sectors that can meet current needs.<\/p>\n<\/div><div class=\"fusion-text fusion-text-9\" style=\"--awb-content-alignment:center;--awb-font-size:20px;--awb-text-color:#ffffff;\"><p>We are one of the first companies to manufacture packaging from corrugated cardboard sheets in izmir.<\/p>\n<\/div><\/div><\/div><\/div><\/div><div class=\"fusion-fullwidth fullwidth-box fusion-builder-row-4 fusion-flex-container gradient-container-4 nonhundred-percent-fullwidth non-hundred-percent-height-scrolling fusion-animated\" style=\"--awb-border-radius-top-left:0px;--awb-border-radius-top-right:0px;--awb-border-radius-bottom-right:0px;--awb-border-radius-bottom-left:0px;--awb-padding-top:47px;--awb-padding-bottom:47px;\" data-animationType=\"fadeInDown\" data-animationDuration=\"1.0\" data-animationOffset=\"top-into-view\" ><div class=\"fusion-builder-row fusion-row fusion-flex-align-items-center fusion-flex-justify-content-center\" style=\"max-width:1248px;margin-left: calc(-4% \/ 2 );margin-right: calc(-4% \/ 2 );\"><div class=\"fusion-layout-column fusion_builder_column fusion-builder-column-6 fusion_builder_column_1_2 1_2 fusion-flex-column fusion-column-inner-bg-wrapper\" style=\"--awb-inner-bg-size:cover;--awb-width-large:50%;--awb-margin-top-large:0px;--awb-spacing-right-large:3.84%;--awb-margin-bottom-large:20px;--awb-spacing-left-large:3.84%;--awb-width-medium:50%;--awb-order-medium:0;--awb-spacing-right-medium:3.84%;--awb-spacing-left-medium:3.84%;--awb-width-small:100%;--awb-order-small:0;--awb-spacing-right-small:1.92%;--awb-spacing-left-small:1.92%;\"><span class=\"fusion-column-inner-bg hover-type-none\"><a class=\"fusion-column-anchor\" href=\"https:\/\/www.omukambalaj.com\/iletisim\/\"><span class=\"fusion-column-inner-bg-image\"><\/span><\/a><\/span><div class=\"fusion-column-wrapper fusion-column-has-shadow fusion-flex-justify-content-flex-start fusion-content-layout-column\"><ul style=\"--awb-iconcolor:#161616;--awb-line-height:27.2px;--awb-icon-width:27.2px;--awb-icon-height:27.2px;--awb-icon-margin:11.2px;--awb-content-margin:38.4px;\" class=\"fusion-checklist fusion-checklist-1 fusion-checklist-default type-icons\"><li class=\"fusion-li-item\" style=\"\"><span class=\"icon-wrapper circle-no\"><i class=\"fusion-li-icon fa-map-marker-alt fas\" aria-hidden=\"true\"><\/i><\/span><div class=\"fusion-li-item-content\">\n<p style=\"color: #161616;\">19 sokak No:9 Kemalpa\u015fa Organize Sanayi B\u00f6lgesi Kemalpa\u015fa \u0130ZM\u0130R<\/p>\n<\/div><\/li><li class=\"fusion-li-item\" style=\"\"><span class=\"icon-wrapper circle-no\"><i class=\"fusion-li-icon fa-globe-africa fas\" aria-hidden=\"true\"><\/i><\/span><div class=\"fusion-li-item-content\">\n<p><a style=\"color: #ffffff;\" href=\"https:\/\/www.omukambalaj.com\/\"><span style=\"color: #161616;\">www.omukambalaj.com<\/span><\/a><\/p>\n<\/div><\/li><li class=\"fusion-li-item\" style=\"\"><span class=\"icon-wrapper circle-no\"><i class=\"fusion-li-icon fa-envelope fas\" aria-hidden=\"true\"><\/i><\/span><div class=\"fusion-li-item-content\">\n<p><a style=\"color: #161616;\" href=\"mailto:info@omukambalaj.com.tr\">info@omukambalaj.com.tr<\/a><span style=\"color: #161616;\"> ; <\/span><a style=\"color: #161616;\" href=\"mailto:info@omukambalaj.com\">info@omukambalaj.com<\/a>; <a href=\"mailto:satis@omukambalaj.com\">satis@omukambalaj.com<\/a><\/p>\n<\/div><\/li><\/ul><\/div><\/div><\/div><\/div><\/p>\n","protected":false},"excerpt":{"rendered":"","protected":false},"author":4,"featured_media":0,"parent":0,"menu_order":10,"comment_status":"closed","ping_status":"closed","template":"100-width.php","meta":{"footnotes":""},"class_list":["post-694","page","type-page","status-publish","hentry"],"_links":{"self":[{"href":"https:\/\/www.omukambalaj.com\/en\/wp-json\/wp\/v2\/pages\/694","targetHints":{"allow":["GET"]}}],"collection":[{"href":"https:\/\/www.omukambalaj.com\/en\/wp-json\/wp\/v2\/pages"}],"about":[{"href":"https:\/\/www.omukambalaj.com\/en\/wp-json\/wp\/v2\/types\/page"}],"author":[{"embeddable":true,"href":"https:\/\/www.omukambalaj.com\/en\/wp-json\/wp\/v2\/users\/4"}],"replies":[{"embeddable":true,"href":"https:\/\/www.omukambalaj.com\/en\/wp-json\/wp\/v2\/comments?post=694"}],"version-history":[{"count":36,"href":"https:\/\/www.omukambalaj.com\/en\/wp-json\/wp\/v2\/pages\/694\/revisions"}],"predecessor-version":[{"id":1267,"href":"https:\/\/www.omukambalaj.com\/en\/wp-json\/wp\/v2\/pages\/694\/revisions\/1267"}],"wp:attachment":[{"href":"https:\/\/www.omukambalaj.com\/en\/wp-json\/wp\/v2\/media?parent=694"}],"curies":[{"name":"wp","href":"https:\/\/api.w.org\/{rel}","templated":true}]}}